{"id":1610,"date":"2023-07-20T23:11:42","date_gmt":"2023-07-20T23:11:42","guid":{"rendered":"https:\/\/staging.ramirezdavalos.com\/?page_id=1610"},"modified":"2023-07-31T16:40:41","modified_gmt":"2023-07-31T16:40:41","slug":"aviso-de-privacidad","status":"publish","type":"page","link":"https:\/\/staging.ramirezdavalos.com\/index.php\/aviso-de-privacidad\/","title":{"rendered":"Aviso de Privacidad"},"content":{"rendered":"\t\t<div data-elementor-type=\"wp-page\" data-elementor-id=\"1610\" class=\"elementor elementor-1610\">\n\t\t\t\t\t\t\t\t\t<section class=\"elementor-section elementor-top-section elementor-element elementor-element-4b7191a elementor-section-boxed elementor-section-height-default elementor-section-height-default\" data-id=\"4b7191a\" data-element_type=\"section\" data-settings=\"{&quot;background_background&quot;:&quot;classic&quot;}\">\n\t\t\t\t\t\t\t<div class=\"elementor-background-overlay\"><\/div>\n\t\t\t\t\t\t\t<div class=\"elementor-container elementor-column-gap-default\">\n\t\t\t\t\t<div class=\"elementor-column elementor-col-100 elementor-top-column elementor-element elementor-element-1842c76\" data-id=\"1842c76\" data-element_type=\"column\">\n\t\t\t<div class=\"elementor-widget-wrap elementor-element-populated\">\n\t\t\t\t\t\t\t\t<div class=\"elementor-element elementor-element-a7fdab3 elementor-absolute de_scroll_animation_no elementor-widget elementor-widget-heading\" data-id=\"a7fdab3\" data-element_type=\"widget\" data-settings=\"{&quot;_position&quot;:&quot;absolute&quot;}\" data-widget_type=\"heading.default\">\n\t\t\t\t<div class=\"elementor-widget-container\">\n\t\t\t<style>\/*! elementor - v3.14.0 - 26-06-2023 *\/\n.elementor-heading-title{padding:0;margin:0;line-height:1}.elementor-widget-heading .elementor-heading-title[class*=elementor-size-]>a{color:inherit;font-size:inherit;line-height:inherit}.elementor-widget-heading .elementor-heading-title.elementor-size-small{font-size:15px}.elementor-widget-heading .elementor-heading-title.elementor-size-medium{font-size:19px}.elementor-widget-heading .elementor-heading-title.elementor-size-large{font-size:29px}.elementor-widget-heading .elementor-heading-title.elementor-size-xl{font-size:39px}.elementor-widget-heading .elementor-heading-title.elementor-size-xxl{font-size:59px}<\/style><h2 class=\"elementor-heading-title elementor-size-default\">AVISO DE PRIVACIDAD<\/h2>\t\t<\/div>\n\t\t\t\t<\/div>\n\t\t\t\t\t<\/div>\n\t\t<\/div>\n\t\t\t\t\t\t\t<\/div>\n\t\t<\/section>\n\t\t\t\t<section class=\"elementor-section elementor-top-section elementor-element elementor-element-9b3adc9 elementor-section-boxed elementor-section-height-default elementor-section-height-default\" data-id=\"9b3adc9\" data-element_type=\"section\">\n\t\t\t\t\t\t<div class=\"elementor-container elementor-column-gap-default\">\n\t\t\t\t\t<div class=\"elementor-column elementor-col-100 elementor-top-column elementor-element elementor-element-6f6e4e2\" data-id=\"6f6e4e2\" data-element_type=\"column\">\n\t\t\t<div class=\"elementor-widget-wrap elementor-element-populated\">\n\t\t\t\t\t\t\t\t<div class=\"elementor-element elementor-element-3172ad8 elementor-widget__width-initial de_scroll_animation_no elementor-widget elementor-widget-heading\" data-id=\"3172ad8\" data-element_type=\"widget\" data-widget_type=\"heading.default\">\n\t\t\t\t<div class=\"elementor-widget-container\">\n\t\t\t<span class=\"elementor-heading-title elementor-size-default\"><b>Por favor, lea cuidadosamente los t\u00e9rminos siguientes antes de compartir cualquier dato o informaci\u00f3n con nosotros.<\/b>\n<br><br>\n\nDe conformidad con lo\nestablecido por la Ley Federal de Protecci\u00f3n de Datos Personales en Posesi\u00f3n de\nlos Particulares (en adelante \u201cLey de Protecci\u00f3n de Datos\u201d), su Reglamento, y\ncon el fin de garantizar la privacidad y el derecho a la autodeterminaci\u00f3n de\nlos usuarios del sitio web https:\/\/ramirezdavalos.com (en adelante, \u201cSitio\nweb\u201d), nuestros clientes y\/o de las personas que previo su consentimiento y de\nmanera voluntaria hayan decidido compartir con nosotros sus datos personales,\ninformamos lo siguiente:\n<br><br>\n\n<b>Identidad <\/b>\n<br><br>\n\nSandra Elizabeth\nRam\u00edrez D\u00e1valos (en adelante ramirezdavalos.com) ser\u00e1 responsable del\ntratamiento, uso, almacenamiento y divulgaci\u00f3n de sus datos personales. ramirezdavalos\npodr\u00e1 recabar los siguientes datos personales: nombre, domicilio de contacto,\ncompa\u00f1\u00eda y cargo que ocupa en la misma, tel\u00e9fono fijo y\/o celular y correo\nelectr\u00f3nico. \n<br><br>\n\nEn caso de\nsolicitantes de empleo, ramirezdavalos recabar\u00e1 adicionalmente: sexo; fecha de\nnacimiento; grado de estudios; idiomas y nivel; datos curriculares, experiencia\nprofesional, \u00e1reas de pr\u00e1ctica de preferencia; motivos para trabajar en ramirezdavalos.com;\ny curriculum vitae.\n<br><br>\n\n\n\nMedios de obtenci\u00f3n de\nsus datos personales\n\nramirezdavalos.com podr\u00e1\nobtener sus datos personales a trav\u00e9s del entorno digital como lo es el Sitio\nWeb o comunicaciones electr\u00f3nicas que establezca con la firma, as\u00ed como a\ntrav\u00e9s de correspondencia, tarjetas de presentaci\u00f3n, comunicaciones por tel\u00e9fono,\nllenado de formularios o solicitudes de empleo que nos haga llegar.\nLe informamos que ramirezdavalos.com\nno obtiene datos en forma autom\u00e1tica a trav\u00e9s de cookies o web beacons.\n<br><br>\n\n<b>Finalidad del\ntratamiento de los datos personales<\/b>\n<br><br>\n\nLos datos personales\nque recabe ramirezdavalos.com se administrar\u00e1n y\nse tratar\u00e1n conforme a la gesti\u00f3n general del despacho con el objetivo de\nllevar a cabo la prestaci\u00f3n de servicios legales, y tendr\u00e1 como finalidades\nprimarias para su tratamiento las siguientes: establecer contacto con aquellas\npersonas que as\u00ed nos lo hayan solicitado; responder a una solicitud o\ninformaci\u00f3n para la prestaci\u00f3n de servicios; dar contestaci\u00f3n a solicitudes de\nempleo; dar tr\u00e1mite y seguimiento a los servicios legales que se hayan\ncontratado con ramirezdavalos.com; mantener actualizada la relaci\u00f3n jur\u00eddica\nque exista entre usted y ramirezdavalos.com; realizar labores de facturaci\u00f3n,\naclaraciones y seguimiento de cobro y el env\u00edo de notificaciones con respecto a\ncambios en este Aviso de Privacidad. De igual, forma ramirezdavalos.com podr\u00e1\ntratar sus datos personales para las siguientes finalidades secundarias:&nbsp; el env\u00edo de informaci\u00f3n, revistas y noticias\nlegales o de temas que ramirezdavalos.com considere que pueden interesarle, as\u00ed\ncomo noticias, comunicaciones o publicidad de ramirezdavalos.com; el env\u00edo de\ninvitaciones a conferencias, seminarios y eventos culturales o sociales en los\nque participe ramirezdavalos.com , y\/o el env\u00edo de comunicaciones e\ninvitaciones para participar en proyectos de ramirezdavalos o en proyectos que\nramirezdavalos, a su juicio, considere que pueden interesarle. En caso de que\nusted no desee que tratemos sus datos personales para las finalidades\nsecundarias antes mencionadas, podr\u00e1 manifestar su negativa para tal efecto,\ncomunic\u00e1ndonos a trav\u00e9s de un correo electr\u00f3nico dirigido a: contacto@ramirezdavalos.com\n<br><br>\n\nLos datos personales\nque se recaben formar\u00e1n parte de una base de datos que permanecer\u00e1 vigente\ndurante aquel periodo que ramirezdavalos considere necesario para cumplir las\nfinalidades para las que fueron recabados, una vez concluida \u00e9stas, sus datos\nse bloquear\u00e1n y cancelar\u00e1n, para su posterior supresi\u00f3n de conformidad con la\nLey de Protecci\u00f3n de Datos.\n<br><br>\n\nLos datos personales\nque recabe ramirezdavalos, no ser\u00e1n transferidos a ning\u00fan tercero, salvo los\ncasos establecidos en la Ley de Protecci\u00f3n de Datos, as\u00ed como su Reglamento o\ncualquier otra normativa que as\u00ed lo permita. Medidas de seguridad ramirezdavalos\nadoptar\u00e1 todas y cada una de las medidas de seguridad administrativas, f\u00edsicas\ny t\u00e9cnicas necesarias para salvaguardar su informaci\u00f3n personal que\nvoluntariamente usted nos proporcione de cualquier da\u00f1o, p\u00e9rdida, alteraci\u00f3n,\ndestrucci\u00f3n o el uso, acceso o tratamiento no autorizado, por lo que de igual\nmanera y en caso de que un tercero necesite conocer de dicha informaci\u00f3n, ramirezdavalos.com\nobligar\u00e1 a dichos terceros a cumplir con el presente Aviso de Privacidad, as\u00ed\ncomo a adoptar las medidas de seguridad administrativas, f\u00edsicas y t\u00e9cnicas\nestablecidas en el la Ley de Protecci\u00f3n de Datos. ramirezdavalos, incluso con\nposterioridad a la finalizaci\u00f3n de la relaci\u00f3n que guarde con el titular de los\ndatos personales, se compromete a guardar la confidencialidad de los mismos medios\npara ejercer sus derechos de acceso, rectificaci\u00f3n, cancelaci\u00f3n u oposici\u00f3n al\ntratamiento de sus datos personales. \n<br><br>\n\n\nUsted tiene derecho de acceder a los datos personales que poseemos de usted y a saber los detalles del\ntratamiento que hacemos de los mismos, as\u00ed como a rectificarlos en caso de ser\ninexactos, solicitarnos su cancelaci\u00f3n cuando considere que resulten ser\nexcesivos o innecesarios para las finalidades que justificaron su obtenci\u00f3n u\noponerse al tratamiento de estos para fines espec\u00edficos.\n\n<br><br>\n\n<b>Cualquier solicitud\nrelativa al ejercicio de sus derechos deber\u00e1 contener lo siguiente<\/b>\n<br><br>\n\nSu nombre y domicilio\npara darle respuesta; copia de su credencial de elector, pasaporte, licencia\npara conducir, c\u00e9dula profesional o cualquier otro documento que acredite su\nidentidad o acredite la personalidad de su representante legal, y en caso que\nla solicitud se realice a trav\u00e9s del representante legal, acompa\u00f1ar el\ndocumento que acredita sus facultades como representante; contener una\ndescripci\u00f3n clara y precisa de los datos personales sobre los que se busca\nejercer alguno de los derechos de acceso, rectificaci\u00f3n, cancelaci\u00f3n u\noposici\u00f3n al tratamiento; cualquier otro elemento o documento que facilite la\nlocalizaci\u00f3n de dichos datos personales, y cualquier otro requisito establecido\npor la Ley de Protecci\u00f3n de Datos, su Reglamento y dem\u00e1s disposiciones\naplicables. La solicitud deber\u00e1 ser enviada a trav\u00e9s de un correo electr\u00f3nico\ndirigido a contacto@ramirezdavalos.com.\n<br><br>\n\nramirezdavalos responder\u00e1\ncualquier solicitud completa en un plazo m\u00e1ximo de 20 d\u00edas calendario o el\nm\u00e1ximo permitido por la ley.\n<br><br>\n\nLa respuesta de ramirezdavalos\nindicar\u00e1 si la solicitud de acceso, rectificaci\u00f3n, cancelaci\u00f3n u oposici\u00f3n es\nprocedente y, en su caso, ramirezdavalos.com har\u00e1 efectiva la determinaci\u00f3n\ndentro de los 15 d\u00edas calendario siguientes a la fecha en que comunique la\nrespuesta o el m\u00e1ximo permitido por la ley. Los plazos podr\u00e1n ser ampliados en los\nt\u00e9rminos que se\u00f1ale la ley aplicable. Si usted requiere m\u00e1s informaci\u00f3n para el\nejercicio de sus derechos de acceso, rectificaci\u00f3n, cancelaci\u00f3n u oposici\u00f3n al\ntratamiento de sus datos personales, puede ponerse en contacto con nuestro\ndepartamento de datos personales al n\u00famero de tel\u00e9fono:\n<br><br>\n\n+52(444) 3306601.\n<br><br>\n\nAsimismo, y en caso de\nque as\u00ed usted lo requiera, ramirezdavalos pondr\u00e1 a su disposici\u00f3n de manera\nelectr\u00f3nica, la relaci\u00f3n de los datos personales que tiene de usted.\n<br><br>\n\n<b>\u00bfC\u00f3mo puede limitar el\nuso o divulgaci\u00f3n de sus datos personales? <\/b>\n<br><br>\n\nUsted tiene derecho de\nlimitar el uso o divulgaci\u00f3n de sus datos personales para las finalidades que\nno son necesarias para nuestra relaci\u00f3n jur\u00eddica, por lo que, si usted desea ya\nno recibir informaci\u00f3n, art\u00edculos y\/o noticias por parte de ramirezdavalos, por\nfavor comunic\u00e1ndonos a trav\u00e9s de un correo electr\u00f3nico dirigido a contacto@ramirezdavalos.com\nindicando dicha situaci\u00f3n con el fin de que se proceda a inscribirle en un\nlistado de exclusi\u00f3n del cual se le otorgar\u00e1 una constancia electr\u00f3nica o\nf\u00edsica, seg\u00fan nos lo solicite.\n<br><br>\nDe la misma manera, se\nhace de su conocimiento que tiene derecho a impedir que lo contactemos por\ntel\u00e9fono para temas de publicidad inscribi\u00e9ndose al Registro P\u00fablico de\nConsumidores de la Procuradur\u00eda Federal del Consumidor. Para m\u00e1s informaci\u00f3n,\nconsulte www.profeco.gob.mx o llame al 01800 962 8000.\n<br><br>\n<b>\nTransferencia de los\ndatos personales <\/b>\n<br><br>\n\nLos datos personales\nque sean recabados por ramirezdavalos, no ser\u00e1n cedidos, vendidos, compartidos\no transferidos, salvo cuando sea necesario en los casos previstos en la Ley de\nProtecci\u00f3n de Datos o su Reglamento. Sin embargo, ramirezdavalos se reserva el\nderecho de compartir sus datos personales con los empleados y socios del\ndespacho o con terceros que traten sus datos personales por cuenta de ramirezdavalos\n&nbsp;y sujetos a este Aviso de Privacidad y a\nlas instrucciones de ramirezdavalos, incluyendo sociedades dedicadas a la\nprestaci\u00f3n de servicios legales en M\u00e9xico o en el extranjero que trabajen en\nforma conjunta con ramirezdavalos, notarios y corredores p\u00fablicos o empresas de\ntecnolog\u00eda de la informaci\u00f3n que le presten servicios inform\u00e1ticos a ramirezdavalos.\n<br><br>\n\nCabe destacar, que\ntodas aquellas terceras personas que traten sus datos personales lo har\u00e1n por\ncuenta de ramirezdavalos y se encontrar\u00e1n sujetas en todo momento a lo\nestipulado en el presente Aviso de Privacidad.\n<br><br>\n\n\n<b>Sitios web que no corresponden\na ramirezdavalos<\/b>\n<br><br>\n\n\nEl Sitio web de\nramirezdavalos, puede contener links o enlaces a sitios web externos que no\ncorresponden a ramirezdavalos y, por tanto, no guardan relaci\u00f3n alguna con\nramirezdavalos. Se recomienda revisar y leer las Pol\u00edticas de Privacidad, as\u00ed\ncomo los t\u00e9rminos de uso de dichos sitios web externos antes de hacer uso de estos.\n<br><br>\n\n<b>Modificaciones al\nAviso de Privacidad<\/b>\n<br><br>\n\n\nEl uso del sitio web\nde ramirezdavalos implica su reconocimiento, y aceptaci\u00f3n del presente Aviso de\nPrivacidad, el cual contendr\u00e1 en su parte final la fecha de su \u00faltima\nmodificaci\u00f3n.<br><br>\n\n\nEn relaci\u00f3n con lo\nanterior ramirezdavalos se reserva el derecho a modificar los t\u00e9rminos y\ncondiciones de este Aviso de Privacidad, acci\u00f3n que ser\u00e1 publicada a trav\u00e9s de\nnuestro sitio web: https:\/\/ramirezdavalos.com, al que tendr\u00e1 acceso cualquier\npersona que se encuentre interesada.\n<br><br>\n\n<b>\u00bfAnte qui\u00e9n puede\npresentar sus quejas y denuncias por el tratamiento indebido de sus datos\npersonales?<\/b>\n<br><br>\n\nSi usted considera que\nsu derecho de protecci\u00f3n de datos personales ha sido lesionado por alguna\nconducta de nuestros empleados o de nuestras actuaciones o respuestas; si usted\npresume que en el tratamiento de sus datos personales existe alguna violaci\u00f3n a\nlas disposiciones previstas en la Ley Federal de Protecci\u00f3n de Datos Personales\nen Posesi\u00f3n de los Particulares, podr\u00e1 interponer la queja o denuncia\ncorrespondiente ante el Instituto Federal de Acceso a la Informaci\u00f3n y\nProtecci\u00f3n de Datos, para mayor informaci\u00f3n visite www.ifai.org.mx.\n<br><br>\n\n\nEste Aviso de\nPrivacidad se rige por la Ley de Protecci\u00f3n de Datos, su Reglamento y dem\u00e1s\nordenamientos aplicables en los Estados Unidos Mexicanos y su aceptaci\u00f3n,\nimplica su sometimiento expreso a los tribunales de la Ciudad de San Luis\nPotos\u00ed, SLP. Ante cualquier controversia o reclamaci\u00f3n derivada del mismo.\n<br><br>\n\n<b>\u00daltima actualizaci\u00f3n:\n19 de julio del 2019.<\/b><br>\n\n<\/span>\t\t<\/div>\n\t\t\t\t<\/div>\n\t\t\t\t\t<\/div>\n\t\t<\/div>\n\t\t\t\t\t\t\t<\/div>\n\t\t<\/section>\n\t\t\t\t\t\t\t<\/div>\n\t\t","protected":false},"excerpt":{"rendered":"<p>AVISO DE PRIVACIDAD Por favor, lea cuidadosamente los t\u00e9rminos siguientes antes de compartir cualquier dato o informaci\u00f3n con nosotros. De conformidad con lo establecido por la Ley Federal de Protecci\u00f3n de Datos Personales en Posesi\u00f3n de los Particulares (en adelante \u201cLey de Protecci\u00f3n de Datos\u201d), su Reglamento, y con el fin de garantizar la privacidad [&hellip;]<\/p>\n","protected":false},"author":1,"featured_media":0,"parent":0,"menu_order":0,"comment_status":"closed","ping_status":"closed","template":"elementor_header_footer","meta":{"footnotes":""},"class_list":["post-1610","page","type-page","status-publish","hentry"],"_links":{"self":[{"href":"https:\/\/staging.ramirezdavalos.com\/index.php\/wp-json\/wp\/v2\/pages\/1610","targetHints":{"allow":["GET"]}}],"collection":[{"href":"https:\/\/staging.ramirezdavalos.com\/index.php\/wp-json\/wp\/v2\/pages"}],"about":[{"href":"https:\/\/staging.ramirezdavalos.com\/index.php\/wp-json\/wp\/v2\/types\/page"}],"author":[{"embeddable":true,"href":"https:\/\/staging.ramirezdavalos.com\/index.php\/wp-json\/wp\/v2\/users\/1"}],"replies":[{"embeddable":true,"href":"https:\/\/staging.ramirezdavalos.com\/index.php\/wp-json\/wp\/v2\/comments?post=1610"}],"version-history":[{"count":31,"href":"https:\/\/staging.ramirezdavalos.com\/index.php\/wp-json\/wp\/v2\/pages\/1610\/revisions"}],"predecessor-version":[{"id":2294,"href":"https:\/\/staging.ramirezdavalos.com\/index.php\/wp-json\/wp\/v2\/pages\/1610\/revisions\/2294"}],"wp:attachment":[{"href":"https:\/\/staging.ramirezdavalos.com\/index.php\/wp-json\/wp\/v2\/media?parent=1610"}],"curies":[{"name":"wp","href":"https:\/\/api.w.org\/{rel}","templated":true}]}}