{"id":2148,"date":"2023-07-31T02:09:40","date_gmt":"2023-07-31T02:09:40","guid":{"rendered":"https:\/\/staging.ramirezdavalos.com\/?page_id=2148"},"modified":"2023-07-31T16:38:21","modified_gmt":"2023-07-31T16:38:21","slug":"articulos","status":"publish","type":"page","link":"https:\/\/staging.ramirezdavalos.com\/index.php\/articulos\/","title":{"rendered":"Art\u00edculos"},"content":{"rendered":"\t\t<div data-elementor-type=\"wp-page\" data-elementor-id=\"2148\" class=\"elementor elementor-2148\">\n\t\t\t\t\t\t\t\t\t<section class=\"elementor-section elementor-top-section elementor-element elementor-element-3faf114 elementor-section-boxed elementor-section-height-default elementor-section-height-default\" data-id=\"3faf114\" data-element_type=\"section\" data-settings=\"{&quot;background_background&quot;:&quot;classic&quot;}\">\n\t\t\t\t\t\t\t<div class=\"elementor-background-overlay\"><\/div>\n\t\t\t\t\t\t\t<div class=\"elementor-container elementor-column-gap-default\">\n\t\t\t\t\t<div class=\"elementor-column elementor-col-100 elementor-top-column elementor-element elementor-element-a7a78a3\" data-id=\"a7a78a3\" data-element_type=\"column\">\n\t\t\t<div class=\"elementor-widget-wrap elementor-element-populated\">\n\t\t\t\t\t\t\t\t<div class=\"elementor-element elementor-element-0f427b2 elementor-absolute de_scroll_animation_no elementor-widget elementor-widget-heading\" data-id=\"0f427b2\" data-element_type=\"widget\" data-settings=\"{&quot;_position&quot;:&quot;absolute&quot;}\" data-widget_type=\"heading.default\">\n\t\t\t\t<div class=\"elementor-widget-container\">\n\t\t\t<style>\/*! elementor - v3.14.0 - 26-06-2023 *\/\n.elementor-heading-title{padding:0;margin:0;line-height:1}.elementor-widget-heading .elementor-heading-title[class*=elementor-size-]>a{color:inherit;font-size:inherit;line-height:inherit}.elementor-widget-heading .elementor-heading-title.elementor-size-small{font-size:15px}.elementor-widget-heading .elementor-heading-title.elementor-size-medium{font-size:19px}.elementor-widget-heading .elementor-heading-title.elementor-size-large{font-size:29px}.elementor-widget-heading .elementor-heading-title.elementor-size-xl{font-size:39px}.elementor-widget-heading .elementor-heading-title.elementor-size-xxl{font-size:59px}<\/style><h5 class=\"elementor-heading-title elementor-size-default\">Art\u00edculos<\/h5>\t\t<\/div>\n\t\t\t\t<\/div>\n\t\t\t\t\t<\/div>\n\t\t<\/div>\n\t\t\t\t\t\t\t<\/div>\n\t\t<\/section>\n\t\t\t\t<section class=\"elementor-section elementor-top-section elementor-element elementor-element-81e3f47 elementor-section-boxed elementor-section-height-default elementor-section-height-default\" data-id=\"81e3f47\" data-element_type=\"section\">\n\t\t\t\t\t\t\t<div class=\"elementor-background-overlay\"><\/div>\n\t\t\t\t\t\t\t<div class=\"elementor-container elementor-column-gap-default\">\n\t\t\t\t\t<div class=\"elementor-column elementor-col-100 elementor-top-column elementor-element elementor-element-0319213\" data-id=\"0319213\" data-element_type=\"column\">\n\t\t\t<div class=\"elementor-widget-wrap elementor-element-populated\">\n\t\t\t\t\t\t\t\t<section class=\"elementor-section elementor-inner-section elementor-element elementor-element-953ec2b elementor-section-boxed elementor-section-height-default elementor-section-height-default\" data-id=\"953ec2b\" data-element_type=\"section\">\n\t\t\t\t\t\t<div class=\"elementor-container elementor-column-gap-default\">\n\t\t\t\t\t<div class=\"elementor-column elementor-col-50 elementor-inner-column elementor-element elementor-element-8d56675\" data-id=\"8d56675\" data-element_type=\"column\">\n\t\t\t<div class=\"elementor-widget-wrap elementor-element-populated\">\n\t\t\t\t\t\t\t\t<div class=\"elementor-element elementor-element-eb5381e de_scroll_animation_no elementor-widget elementor-widget-image\" data-id=\"eb5381e\" data-element_type=\"widget\" data-widget_type=\"image.default\">\n\t\t\t\t<div class=\"elementor-widget-container\">\n\t\t\t<style>\/*! elementor - v3.14.0 - 26-06-2023 *\/\n.elementor-widget-image{text-align:center}.elementor-widget-image a{display:inline-block}.elementor-widget-image a img[src$=\".svg\"]{width:48px}.elementor-widget-image img{vertical-align:middle;display:inline-block}<\/style>\t\t\t\t\t\t\t\t\t\t\t\t<img loading=\"lazy\" decoding=\"async\" width=\"800\" height=\"534\" src=\"https:\/\/staging.ramirezdavalos.com\/wp-content\/uploads\/2023\/07\/matrimonio-ruptura-certificacion-divorcio-1024x683.jpg\" class=\"attachment-large size-large wp-image-2122\" alt=\"\" srcset=\"https:\/\/staging.ramirezdavalos.com\/wp-content\/uploads\/2023\/07\/matrimonio-ruptura-certificacion-divorcio-1024x683.jpg 1024w, https:\/\/staging.ramirezdavalos.com\/wp-content\/uploads\/2023\/07\/matrimonio-ruptura-certificacion-divorcio-300x200.jpg 300w, https:\/\/staging.ramirezdavalos.com\/wp-content\/uploads\/2023\/07\/matrimonio-ruptura-certificacion-divorcio-768x512.jpg 768w, https:\/\/staging.ramirezdavalos.com\/wp-content\/uploads\/2023\/07\/matrimonio-ruptura-certificacion-divorcio-1536x1024.jpg 1536w, https:\/\/staging.ramirezdavalos.com\/wp-content\/uploads\/2023\/07\/matrimonio-ruptura-certificacion-divorcio-2048x1365.jpg 2048w\" sizes=\"auto, (max-width: 800px) 100vw, 800px\" \/>\t\t\t\t\t\t\t\t\t\t\t\t\t\t\t<\/div>\n\t\t\t\t<\/div>\n\t\t\t\t<div class=\"elementor-element elementor-element-38c5a4b elementor-position-right elementor-vertical-align-top de_scroll_animation_no elementor-invisible elementor-widget elementor-widget-image-box\" data-id=\"38c5a4b\" data-element_type=\"widget\" data-settings=\"{&quot;_animation&quot;:&quot;fadeInUp&quot;}\" data-widget_type=\"image-box.default\">\n\t\t\t\t<div class=\"elementor-widget-container\">\n\t\t\t<style>\/*! elementor - v3.14.0 - 26-06-2023 *\/\n.elementor-widget-image-box .elementor-image-box-content{width:100%}@media (min-width:768px){.elementor-widget-image-box.elementor-position-left .elementor-image-box-wrapper,.elementor-widget-image-box.elementor-position-right .elementor-image-box-wrapper{display:flex}.elementor-widget-image-box.elementor-position-right .elementor-image-box-wrapper{text-align:right;flex-direction:row-reverse}.elementor-widget-image-box.elementor-position-left .elementor-image-box-wrapper{text-align:left;flex-direction:row}.elementor-widget-image-box.elementor-position-top .elementor-image-box-img{margin:auto}.elementor-widget-image-box.elementor-vertical-align-top .elementor-image-box-wrapper{align-items:flex-start}.elementor-widget-image-box.elementor-vertical-align-middle .elementor-image-box-wrapper{align-items:center}.elementor-widget-image-box.elementor-vertical-align-bottom .elementor-image-box-wrapper{align-items:flex-end}}@media (max-width:767px){.elementor-widget-image-box .elementor-image-box-img{margin-left:auto!important;margin-right:auto!important;margin-bottom:15px}}.elementor-widget-image-box .elementor-image-box-img{display:inline-block}.elementor-widget-image-box .elementor-image-box-title a{color:inherit}.elementor-widget-image-box .elementor-image-box-wrapper{text-align:center}.elementor-widget-image-box .elementor-image-box-description{margin:0}<\/style><div class=\"elementor-image-box-wrapper\"><div class=\"elementor-image-box-content\"><h3 class=\"elementor-image-box-title\">\u00bfQU\u00c9 ES EL DIVORCIO Y QU\u00c9 <br>SUPONE LEGALMENTE?<\/h3><p class=\"elementor-image-box-description\"><style=\"font-family:catamaran\">De Sandra Ram\u00edrez<br>Mar 28, 2019<\/style=\"font-family:catamaran\"><\/p><\/div><\/div>\t\t<\/div>\n\t\t\t\t<\/div>\n\t\t\t\t<div class=\"elementor-element elementor-element-9f96869 elementor-align-justify de_scroll_animation_no elementor-invisible elementor-widget elementor-widget-button\" data-id=\"9f96869\" data-element_type=\"widget\" data-settings=\"{&quot;_animation&quot;:&quot;fadeInUp&quot;,&quot;_animation_delay&quot;:250}\" data-widget_type=\"button.default\">\n\t\t\t\t<div class=\"elementor-widget-container\">\n\t\t\t\t\t<div class=\"elementor-button-wrapper\">\n\t\t\t<a class=\"elementor-button elementor-button-link elementor-size-sm elementor-animation-shrink\" href=\"https:\/\/staging.ramirezdavalos.com\/index.php\/que-es-el-divorcio\/\">\n\t\t\t\t\t\t<span class=\"elementor-button-content-wrapper\">\n\t\t\t\t\t\t<span class=\"elementor-button-text\">Ver m\u00e1s<\/span>\n\t\t<\/span>\n\t\t\t\t\t<\/a>\n\t\t<\/div>\n\t\t\t\t<\/div>\n\t\t\t\t<\/div>\n\t\t\t\t\t<\/div>\n\t\t<\/div>\n\t\t\t\t<div class=\"elementor-column elementor-col-50 elementor-inner-column elementor-element elementor-element-fac7f0b\" data-id=\"fac7f0b\" data-element_type=\"column\">\n\t\t\t<div class=\"elementor-widget-wrap elementor-element-populated\">\n\t\t\t\t\t\t\t\t<div class=\"elementor-element elementor-element-1812dcf de_scroll_animation_no elementor-widget elementor-widget-image\" data-id=\"1812dcf\" data-element_type=\"widget\" data-widget_type=\"image.default\">\n\t\t\t\t<div class=\"elementor-widget-container\">\n\t\t\t\t\t\t\t\t\t\t\t\t\t\t\t<img loading=\"lazy\" decoding=\"async\" width=\"800\" height=\"533\" src=\"https:\/\/staging.ramirezdavalos.com\/wp-content\/uploads\/2023\/07\/kids-gbd14773d8_1280-1024x682.jpg\" class=\"attachment-large size-large wp-image-1293\" alt=\"\" srcset=\"https:\/\/staging.ramirezdavalos.com\/wp-content\/uploads\/2023\/07\/kids-gbd14773d8_1280-1024x682.jpg 1024w, https:\/\/staging.ramirezdavalos.com\/wp-content\/uploads\/2023\/07\/kids-gbd14773d8_1280-300x200.jpg 300w, https:\/\/staging.ramirezdavalos.com\/wp-content\/uploads\/2023\/07\/kids-gbd14773d8_1280-768x512.jpg 768w, https:\/\/staging.ramirezdavalos.com\/wp-content\/uploads\/2023\/07\/kids-gbd14773d8_1280.jpg 1280w\" sizes=\"auto, (max-width: 800px) 100vw, 800px\" \/>\t\t\t\t\t\t\t\t\t\t\t\t\t\t\t<\/div>\n\t\t\t\t<\/div>\n\t\t\t\t<div class=\"elementor-element elementor-element-b4d9d4a elementor-position-right elementor-vertical-align-top de_scroll_animation_no elementor-invisible elementor-widget elementor-widget-image-box\" data-id=\"b4d9d4a\" data-element_type=\"widget\" data-settings=\"{&quot;_animation&quot;:&quot;fadeInUp&quot;}\" data-widget_type=\"image-box.default\">\n\t\t\t\t<div class=\"elementor-widget-container\">\n\t\t\t<div class=\"elementor-image-box-wrapper\"><div class=\"elementor-image-box-content\"><h3 class=\"elementor-image-box-title\">registro extempor\u00e1neo <br>de menores<\/h3><p class=\"elementor-image-box-description\"><span style=\"letter-spacing: 1.2px;\">De Sandra Ram\u00edrez<\/span><br><span style=\"letter-spacing: 1.2px;\">Jun 25, 2019<\/span><\/p><\/div><\/div>\t\t<\/div>\n\t\t\t\t<\/div>\n\t\t\t\t<div class=\"elementor-element elementor-element-ceb2f2c elementor-align-justify de_scroll_animation_no elementor-invisible elementor-widget elementor-widget-button\" data-id=\"ceb2f2c\" data-element_type=\"widget\" data-settings=\"{&quot;_animation&quot;:&quot;fadeInUp&quot;,&quot;_animation_delay&quot;:250}\" data-widget_type=\"button.default\">\n\t\t\t\t<div class=\"elementor-widget-container\">\n\t\t\t\t\t<div class=\"elementor-button-wrapper\">\n\t\t\t<a class=\"elementor-button elementor-button-link elementor-size-sm elementor-animation-shrink\" href=\"https:\/\/staging.ramirezdavalos.com\/index.php\/registro-extemporaneo-de-menores\/\">\n\t\t\t\t\t\t<span class=\"elementor-button-content-wrapper\">\n\t\t\t\t\t\t<span class=\"elementor-button-text\">VER M\u00c1S<\/span>\n\t\t<\/span>\n\t\t\t\t\t<\/a>\n\t\t<\/div>\n\t\t\t\t<\/div>\n\t\t\t\t<\/div>\n\t\t\t\t\t<\/div>\n\t\t<\/div>\n\t\t\t\t\t\t\t<\/div>\n\t\t<\/section>\n\t\t\t\t\t<\/div>\n\t\t<\/div>\n\t\t\t\t\t\t\t<\/div>\n\t\t<\/section>\n\t\t\t\t\t\t\t<\/div>\n\t\t","protected":false},"excerpt":{"rendered":"<p>Art\u00edculos \u00bfQU\u00c9 ES EL DIVORCIO Y QU\u00c9 SUPONE LEGALMENTE? De Sandra Ram\u00edrezMar 28, 2019 Ver m\u00e1s registro extempor\u00e1neo de menores De Sandra Ram\u00edrezJun 25, 2019 VER M\u00c1S<\/p>\n","protected":false},"author":1,"featured_media":0,"parent":0,"menu_order":0,"comment_status":"closed","ping_status":"closed","template":"elementor_header_footer","meta":{"footnotes":""},"class_list":["post-2148","page","type-page","status-publish","hentry"],"_links":{"self":[{"href":"https:\/\/staging.ramirezdavalos.com\/index.php\/wp-json\/wp\/v2\/pages\/2148","targetHints":{"allow":["GET"]}}],"collection":[{"href":"https:\/\/staging.ramirezdavalos.com\/index.php\/wp-json\/wp\/v2\/pages"}],"about":[{"href":"https:\/\/staging.ramirezdavalos.com\/index.php\/wp-json\/wp\/v2\/types\/page"}],"author":[{"embeddable":true,"href":"https:\/\/staging.ramirezdavalos.com\/index.php\/wp-json\/wp\/v2\/users\/1"}],"replies":[{"embeddable":true,"href":"https:\/\/staging.ramirezdavalos.com\/index.php\/wp-json\/wp\/v2\/comments?post=2148"}],"version-history":[{"count":14,"href":"https:\/\/staging.ramirezdavalos.com\/index.php\/wp-json\/wp\/v2\/pages\/2148\/revisions"}],"predecessor-version":[{"id":2288,"href":"https:\/\/staging.ramirezdavalos.com\/index.php\/wp-json\/wp\/v2\/pages\/2148\/revisions\/2288"}],"wp:attachment":[{"href":"https:\/\/staging.ramirezdavalos.com\/index.php\/wp-json\/wp\/v2\/media?parent=2148"}],"curies":[{"name":"wp","href":"https:\/\/api.w.org\/{rel}","templated":true}]}}